{"id":2255,"date":"2024-01-24T14:47:47","date_gmt":"2024-01-24T11:47:47","guid":{"rendered":"https:\/\/wediaentertainment.com\/tr\/?page_id=2255"},"modified":"2024-01-24T14:49:37","modified_gmt":"2024-01-24T11:49:37","slug":"cookie-policy","status":"publish","type":"page","link":"https:\/\/wediaentertainment.com\/tr\/cookie-policy\/","title":{"rendered":"\u00c7erez Politikas\u0131"},"content":{"rendered":"<p>wediaentertainment.com sitesi olarak ki\u015fisel gizlilik haklar\u0131n\u0131za sayg\u0131 duyuyor ve sitemizde ge\u00e7irdi\u011finiz s\u00fcre zarf\u0131nda bunu sa\u011flamak i\u00e7in \u00e7aba sarf ediyoruz. Ki\u015fisel bilgilerinizin g\u00fcvenli\u011fi ile ilgili a\u00e7\u0131klamalar a\u015fa\u011f\u0131da a\u00e7\u0131klanm\u0131\u015f ve bilginize sunulmu\u015ftur.<\/p>\n<p><strong>Kay\u0131t Dosyalar\u0131<\/strong><br \/>\nBir\u00e7ok standart web sunucusunda oldu\u011fu gibi wediaentertainment.com istatistiksel ama\u00e7l\u0131 log dosyalar\u0131 kayd\u0131 tutmaktad\u0131r. Bu dosyalar; ip adresiniz, internet servis sa\u011flay\u0131c\u0131n\u0131z, taray\u0131c\u0131n\u0131z\u0131n \u00f6zellikleri, i\u015fletim sisteminiz ve siteye giri\u015f-\u00e7\u0131k\u0131\u015f sayfalar\u0131n\u0131z gibi standart bilgileri i\u00e7ermektedir. Log dosyalar\u0131 kesinlikle istatistiksel ama\u00e7lar d\u0131\u015f\u0131nda kullan\u0131lmamakta ve mahremiyetinizi ihlal etmemektedir. Ip adresiniz ve di\u011fer bilgiler, \u015fahsi bilgileriniz ile ili\u015fkilendirilmemektedir.<\/p>\n<p><strong>Reklamlar<\/strong><br \/>\nBiz Google, Meta vb. \u015firketler ile \u00e7al\u0131\u015fmaktay\u0131z l\u00fctfen onlar\u0131n ilgili sayfalar\u0131ndan gizlilik s\u00f6zle\u015fmelerini okuyunuz.<\/p>\n<p><strong>\u00c7erezler (Cookies)<\/strong><br \/>\n\u201cCookie \u2013 \u00c7erez\u201d kelimesi web sayfas\u0131 sunucusunun sizin bilgisayar\u0131n\u0131z\u0131n hard diskine yerle\u015ftirdi\u011fi ufak bir text dosyas\u0131n\u0131 tan\u0131mlamak i\u00e7in kullan\u0131lmaktad\u0131r. Sitemizin baz\u0131 b\u00f6l\u00fcmlerinde kullan\u0131c\u0131 kolayl\u0131\u011f\u0131 sa\u011flamak i\u00e7in \u00e7erez kullan\u0131l\u0131yor olabilir. Ayr\u0131ca sitede mevcut bulunan reklamlar arac\u0131l\u0131\u011f\u0131yla, reklam verilerinin toplanmas\u0131 i\u00e7in cookie ve web beacon kullan\u0131l\u0131yor olabilir. Bu tamamen sizin izninizle ger\u00e7ekle\u015fiyor olup, iste\u011finiz dahilinde internet taray\u0131c\u0131n\u0131z\u0131n ayarlar\u0131n\u0131 de\u011fi\u015ftirerek bunu engellemeniz m\u00fcmk\u00fcnd\u00fcr.<\/p>\n<p><strong>\u0130leti\u015fim<\/strong><br \/>\nwediacorp.com sitesinde uygulanan gizlilik politikas\u0131 ile ilgili; her t\u00fcrl\u00fc soru, g\u00f6r\u00fc\u015f ve d\u00fc\u015f\u00fcncelerinizi bize bd@wediacorp.com adresinden iletebilirsiniz.<\/p>\n","protected":false},"excerpt":{"rendered":"<p>wediaentertainment.com sitesi olarak ki\u015fisel gizlilik haklar\u0131n\u0131za sayg\u0131 duyuyor ve sitemizde ge\u00e7irdi\u011finiz s\u00fcre zarf\u0131nda bunu sa\u011flamak i\u00e7in \u00e7aba sarf ediyoruz. Ki\u015fisel bilgilerinizin g\u00fcvenli\u011fi ile ilgili a\u00e7\u0131klamalar a\u015fa\u011f\u0131da a\u00e7\u0131klanm\u0131\u015f ve bilginize sunulmu\u015ftur. Kay\u0131t Dosyalar\u0131 Bir\u00e7ok standart web sunucusunda oldu\u011fu gibi wediaentertainment.com istatistiksel ama\u00e7l\u0131 log dosyalar\u0131 kayd\u0131 tutmaktad\u0131r. Bu dosyalar; ip adresiniz, internet servis sa\u011flay\u0131c\u0131n\u0131z, taray\u0131c\u0131n\u0131z\u0131n \u00f6zellikleri, i\u015fletim [&hellip;]<\/p>\n","protected":false},"author":1,"featured_media":0,"parent":0,"menu_order":0,"comment_status":"closed","ping_status":"closed","template":"","meta":{"footnotes":""},"class_list":["post-2255","page","type-page","status-publish","hentry"],"acf":[],"yoast_head":"<!-- This site is optimized with the Yoast SEO plugin v27.5 - https:\/\/yoast.com\/product\/yoast-seo-wordpress\/ -->\n<title>\u00c7erez Politikas\u0131 - WediaEntertainment TR<\/title>\n<meta name=\"robots\" content=\"index, follow, max-snippet:-1, max-image-preview:large, max-video-preview:-1\" \/>\n<link rel=\"canonical\" href=\"https:\/\/wediaentertainment.com\/tr\/cookie-policy\/\" \/>\n<meta property=\"og:locale\" content=\"tr_TR\" \/>\n<meta property=\"og:type\" content=\"article\" \/>\n<meta property=\"og:title\" content=\"\u00c7erez Politikas\u0131 - WediaEntertainment TR\" \/>\n<meta property=\"og:description\" content=\"wediaentertainment.com sitesi olarak ki\u015fisel gizlilik haklar\u0131n\u0131za sayg\u0131 duyuyor ve sitemizde ge\u00e7irdi\u011finiz s\u00fcre zarf\u0131nda bunu sa\u011flamak i\u00e7in \u00e7aba sarf ediyoruz. Ki\u015fisel bilgilerinizin g\u00fcvenli\u011fi ile ilgili a\u00e7\u0131klamalar a\u015fa\u011f\u0131da a\u00e7\u0131klanm\u0131\u015f ve bilginize sunulmu\u015ftur. Kay\u0131t Dosyalar\u0131 Bir\u00e7ok standart web sunucusunda oldu\u011fu gibi wediaentertainment.com istatistiksel ama\u00e7l\u0131 log dosyalar\u0131 kayd\u0131 tutmaktad\u0131r. Bu dosyalar; ip adresiniz, internet servis sa\u011flay\u0131c\u0131n\u0131z, taray\u0131c\u0131n\u0131z\u0131n \u00f6zellikleri, i\u015fletim [&hellip;]\" \/>\n<meta property=\"og:url\" content=\"https:\/\/wediaentertainment.com\/tr\/cookie-policy\/\" \/>\n<meta property=\"og:site_name\" content=\"WediaEntertainment TR\" \/>\n<meta property=\"article:modified_time\" content=\"2024-01-24T11:49:37+00:00\" \/>\n<meta name=\"twitter:card\" content=\"summary_large_image\" \/>\n<meta name=\"twitter:label1\" content=\"Tahmini okuma s\u00fcresi\" \/>\n\t<meta name=\"twitter:data1\" content=\"2 dakika\" \/>\n<script type=\"application\/ld+json\" class=\"yoast-schema-graph\">{\"@context\":\"https:\\\/\\\/schema.org\",\"@graph\":[{\"@type\":\"WebPage\",\"@id\":\"https:\\\/\\\/wediaentertainment.com\\\/tr\\\/cookie-policy\\\/\",\"url\":\"https:\\\/\\\/wediaentertainment.com\\\/tr\\\/cookie-policy\\\/\",\"name\":\"\u00c7erez Politikas\u0131 - WediaEntertainment TR\",\"isPartOf\":{\"@id\":\"https:\\\/\\\/wediaentertainment.com\\\/tr\\\/#website\"},\"datePublished\":\"2024-01-24T11:47:47+00:00\",\"dateModified\":\"2024-01-24T11:49:37+00:00\",\"breadcrumb\":{\"@id\":\"https:\\\/\\\/wediaentertainment.com\\\/tr\\\/cookie-policy\\\/#breadcrumb\"},\"inLanguage\":\"tr\",\"potentialAction\":[{\"@type\":\"ReadAction\",\"target\":[\"https:\\\/\\\/wediaentertainment.com\\\/tr\\\/cookie-policy\\\/\"]}]},{\"@type\":\"BreadcrumbList\",\"@id\":\"https:\\\/\\\/wediaentertainment.com\\\/tr\\\/cookie-policy\\\/#breadcrumb\",\"itemListElement\":[{\"@type\":\"ListItem\",\"position\":1,\"name\":\"Anasayfa\",\"item\":\"https:\\\/\\\/wediaentertainment.com\\\/tr\\\/\"},{\"@type\":\"ListItem\",\"position\":2,\"name\":\"\u00c7erez Politikas\u0131\"}]},{\"@type\":\"WebSite\",\"@id\":\"https:\\\/\\\/wediaentertainment.com\\\/tr\\\/#website\",\"url\":\"https:\\\/\\\/wediaentertainment.com\\\/tr\\\/\",\"name\":\"WediaEntertainment TR\",\"description\":\"\",\"potentialAction\":[{\"@type\":\"SearchAction\",\"target\":{\"@type\":\"EntryPoint\",\"urlTemplate\":\"https:\\\/\\\/wediaentertainment.com\\\/tr\\\/?s={search_term_string}\"},\"query-input\":{\"@type\":\"PropertyValueSpecification\",\"valueRequired\":true,\"valueName\":\"search_term_string\"}}],\"inLanguage\":\"tr\"}]}<\/script>\n<!-- \/ Yoast SEO plugin. -->","yoast_head_json":{"title":"\u00c7erez Politikas\u0131 - WediaEntertainment TR","robots":{"index":"index","follow":"follow","max-snippet":"max-snippet:-1","max-image-preview":"max-image-preview:large","max-video-preview":"max-video-preview:-1"},"canonical":"https:\/\/wediaentertainment.com\/tr\/cookie-policy\/","og_locale":"tr_TR","og_type":"article","og_title":"\u00c7erez Politikas\u0131 - WediaEntertainment TR","og_description":"wediaentertainment.com sitesi olarak ki\u015fisel gizlilik haklar\u0131n\u0131za sayg\u0131 duyuyor ve sitemizde ge\u00e7irdi\u011finiz s\u00fcre zarf\u0131nda bunu sa\u011flamak i\u00e7in \u00e7aba sarf ediyoruz. Ki\u015fisel bilgilerinizin g\u00fcvenli\u011fi ile ilgili a\u00e7\u0131klamalar a\u015fa\u011f\u0131da a\u00e7\u0131klanm\u0131\u015f ve bilginize sunulmu\u015ftur. Kay\u0131t Dosyalar\u0131 Bir\u00e7ok standart web sunucusunda oldu\u011fu gibi wediaentertainment.com istatistiksel ama\u00e7l\u0131 log dosyalar\u0131 kayd\u0131 tutmaktad\u0131r. Bu dosyalar; ip adresiniz, internet servis sa\u011flay\u0131c\u0131n\u0131z, taray\u0131c\u0131n\u0131z\u0131n \u00f6zellikleri, i\u015fletim [&hellip;]","og_url":"https:\/\/wediaentertainment.com\/tr\/cookie-policy\/","og_site_name":"WediaEntertainment TR","article_modified_time":"2024-01-24T11:49:37+00:00","twitter_card":"summary_large_image","twitter_misc":{"Tahmini okuma s\u00fcresi":"2 dakika"},"schema":{"@context":"https:\/\/schema.org","@graph":[{"@type":"WebPage","@id":"https:\/\/wediaentertainment.com\/tr\/cookie-policy\/","url":"https:\/\/wediaentertainment.com\/tr\/cookie-policy\/","name":"\u00c7erez Politikas\u0131 - WediaEntertainment TR","isPartOf":{"@id":"https:\/\/wediaentertainment.com\/tr\/#website"},"datePublished":"2024-01-24T11:47:47+00:00","dateModified":"2024-01-24T11:49:37+00:00","breadcrumb":{"@id":"https:\/\/wediaentertainment.com\/tr\/cookie-policy\/#breadcrumb"},"inLanguage":"tr","potentialAction":[{"@type":"ReadAction","target":["https:\/\/wediaentertainment.com\/tr\/cookie-policy\/"]}]},{"@type":"BreadcrumbList","@id":"https:\/\/wediaentertainment.com\/tr\/cookie-policy\/#breadcrumb","itemListElement":[{"@type":"ListItem","position":1,"name":"Anasayfa","item":"https:\/\/wediaentertainment.com\/tr\/"},{"@type":"ListItem","position":2,"name":"\u00c7erez Politikas\u0131"}]},{"@type":"WebSite","@id":"https:\/\/wediaentertainment.com\/tr\/#website","url":"https:\/\/wediaentertainment.com\/tr\/","name":"WediaEntertainment TR","description":"","potentialAction":[{"@type":"SearchAction","target":{"@type":"EntryPoint","urlTemplate":"https:\/\/wediaentertainment.com\/tr\/?s={search_term_string}"},"query-input":{"@type":"PropertyValueSpecification","valueRequired":true,"valueName":"search_term_string"}}],"inLanguage":"tr"}]}},"_links":{"self":[{"href":"https:\/\/wediaentertainment.com\/tr\/wp-json\/wp\/v2\/pages\/2255","targetHints":{"allow":["GET"]}}],"collection":[{"href":"https:\/\/wediaentertainment.com\/tr\/wp-json\/wp\/v2\/pages"}],"about":[{"href":"https:\/\/wediaentertainment.com\/tr\/wp-json\/wp\/v2\/types\/page"}],"author":[{"embeddable":true,"href":"https:\/\/wediaentertainment.com\/tr\/wp-json\/wp\/v2\/users\/1"}],"replies":[{"embeddable":true,"href":"https:\/\/wediaentertainment.com\/tr\/wp-json\/wp\/v2\/comments?post=2255"}],"version-history":[{"count":0,"href":"https:\/\/wediaentertainment.com\/tr\/wp-json\/wp\/v2\/pages\/2255\/revisions"}],"wp:attachment":[{"href":"https:\/\/wediaentertainment.com\/tr\/wp-json\/wp\/v2\/media?parent=2255"}],"curies":[{"name":"wp","href":"https:\/\/api.w.org\/{rel}","templated":true}]}}