{"id":13,"date":"2023-08-09T22:55:19","date_gmt":"2023-08-09T19:55:19","guid":{"rendered":"https:\/\/wediaentertainment.com\/tr\/?page_id=13"},"modified":"2023-11-12T16:45:29","modified_gmt":"2023-11-12T13:45:29","slug":"home","status":"publish","type":"page","link":"https:\/\/wediaentertainment.com\/tr\/","title":{"rendered":"Ana Sayfa"},"content":{"rendered":"\n<p class=\"bold-wedia\">Wediacorp&#8217;un bir yan kurulu\u015fu olan WediaEntertainment, e\u011flence sekt\u00f6r\u00fcn\u00fcn \u00f6nde gelen oyuncular\u0131ndan biridir. \u00c7e\u015fitli 200 yabanc\u0131 film katalo\u011fu ve 700 T\u00fcrk filminden olu\u015fan geni\u015f bir koleksiyonla, size k\u00fcresel ve yerel sineman\u0131n en iyilerini sunuyoruz.<\/p>\n<p>WediaEntertainment, sadece bir film da\u011f\u0131t\u0131mc\u0131s\u0131 olmakla s\u0131n\u0131rl\u0131 kalmay\u0131p, yerli filmlerin, yerli dizilerin ve dijital i\u00e7eri\u011fin \u00f6nde gelen yap\u0131mc\u0131lar\u0131ndan biridir. Uzmanl\u0131\u011f\u0131m\u0131z, Free TV, Pay TV, Mobil TV ve OTT TV dahil olmak \u00fczere \u00e7e\u015fitli platformlarda sat\u0131\u015fa kadar uzanmakta ve sineman\u0131n b\u00fcy\u00fcs\u00fcn\u00fcn T\u00fcrkiye&#8217;nin her k\u00f6\u015fesine ula\u015fmas\u0131n\u0131 sa\u011flamaktad\u0131r.\n<\/p>\n<p>CJ Entertainment T\u00fcrkiye ile ortak olarak, ithal film haklar\u0131n\u0131 sinemalara da\u011f\u0131t\u0131yor ve T\u00fcrk sinema deneyimini zenginle\u015ftiriyoruz. WediaEntertainment ile e\u011flence d\u00fcnyas\u0131n\u0131 ke\u015ffedin &#8211; tutkunun yarat\u0131c\u0131l\u0131kla bulu\u015ftu\u011fu yer.<\/p>\n","protected":false},"excerpt":{"rendered":"<p>Wediacorp&#8217;un bir yan kurulu\u015fu olan WediaEntertainment, e\u011flence sekt\u00f6r\u00fcn\u00fcn \u00f6nde gelen oyuncular\u0131ndan biridir. \u00c7e\u015fitli 200 yabanc\u0131 film katalo\u011fu ve 700 T\u00fcrk filminden olu\u015fan geni\u015f bir koleksiyonla, size k\u00fcresel ve yerel sineman\u0131n en iyilerini sunuyoruz. WediaEntertainment, sadece bir film da\u011f\u0131t\u0131mc\u0131s\u0131 olmakla s\u0131n\u0131rl\u0131 kalmay\u0131p, yerli filmlerin, yerli dizilerin ve dijital i\u00e7eri\u011fin \u00f6nde gelen yap\u0131mc\u0131lar\u0131ndan biridir. Uzmanl\u0131\u011f\u0131m\u0131z, Free TV, [&hellip;]<\/p>\n","protected":false},"author":1,"featured_media":0,"parent":0,"menu_order":0,"comment_status":"closed","ping_status":"closed","template":"page-templates\/home.php","meta":{"footnotes":""},"class_list":["post-13","page","type-page","status-publish","hentry"],"acf":[],"yoast_head":"<!-- This site is optimized with the Yoast SEO plugin v27.4 - https:\/\/yoast.com\/product\/yoast-seo-wordpress\/ -->\n<title>WediaEntertainment TR<\/title>\n<meta name=\"robots\" content=\"index, follow, max-snippet:-1, max-image-preview:large, max-video-preview:-1\" \/>\n<link rel=\"canonical\" href=\"https:\/\/wediaentertainment.com\/tr\/\" \/>\n<meta property=\"og:locale\" content=\"tr_TR\" \/>\n<meta property=\"og:type\" content=\"article\" \/>\n<meta property=\"og:title\" content=\"WediaEntertainment TR\" \/>\n<meta property=\"og:description\" content=\"Wediacorp&#8217;un bir yan kurulu\u015fu olan WediaEntertainment, e\u011flence sekt\u00f6r\u00fcn\u00fcn \u00f6nde gelen oyuncular\u0131ndan biridir. \u00c7e\u015fitli 200 yabanc\u0131 film katalo\u011fu ve 700 T\u00fcrk filminden olu\u015fan geni\u015f bir koleksiyonla, size k\u00fcresel ve yerel sineman\u0131n en iyilerini sunuyoruz. WediaEntertainment, sadece bir film da\u011f\u0131t\u0131mc\u0131s\u0131 olmakla s\u0131n\u0131rl\u0131 kalmay\u0131p, yerli filmlerin, yerli dizilerin ve dijital i\u00e7eri\u011fin \u00f6nde gelen yap\u0131mc\u0131lar\u0131ndan biridir. Uzmanl\u0131\u011f\u0131m\u0131z, Free TV, [&hellip;]\" \/>\n<meta property=\"og:url\" content=\"https:\/\/wediaentertainment.com\/tr\/\" \/>\n<meta property=\"og:site_name\" content=\"WediaEntertainment TR\" \/>\n<meta property=\"article:modified_time\" content=\"2023-11-12T13:45:29+00:00\" \/>\n<meta name=\"twitter:card\" content=\"summary_large_image\" \/>\n<meta name=\"twitter:label1\" content=\"Tahmini okuma s\u00fcresi\" \/>\n\t<meta name=\"twitter:data1\" content=\"1 dakika\" \/>\n<script type=\"application\/ld+json\" class=\"yoast-schema-graph\">{\"@context\":\"https:\\\/\\\/schema.org\",\"@graph\":[{\"@type\":\"WebPage\",\"@id\":\"https:\\\/\\\/wediaentertainment.com\\\/tr\\\/\",\"url\":\"https:\\\/\\\/wediaentertainment.com\\\/tr\\\/\",\"name\":\"WediaEntertainment TR\",\"isPartOf\":{\"@id\":\"https:\\\/\\\/wediaentertainment.com\\\/tr\\\/#website\"},\"datePublished\":\"2023-08-09T19:55:19+00:00\",\"dateModified\":\"2023-11-12T13:45:29+00:00\",\"breadcrumb\":{\"@id\":\"https:\\\/\\\/wediaentertainment.com\\\/tr\\\/#breadcrumb\"},\"inLanguage\":\"tr\",\"potentialAction\":[{\"@type\":\"ReadAction\",\"target\":[\"https:\\\/\\\/wediaentertainment.com\\\/tr\\\/\"]}]},{\"@type\":\"BreadcrumbList\",\"@id\":\"https:\\\/\\\/wediaentertainment.com\\\/tr\\\/#breadcrumb\",\"itemListElement\":[{\"@type\":\"ListItem\",\"position\":1,\"name\":\"Anasayfa\",\"item\":\"https:\\\/\\\/wediaentertainment.com\\\/tr\\\/\"},{\"@type\":\"ListItem\",\"position\":2,\"name\":\"Ana Sayfa\"}]},{\"@type\":\"WebSite\",\"@id\":\"https:\\\/\\\/wediaentertainment.com\\\/tr\\\/#website\",\"url\":\"https:\\\/\\\/wediaentertainment.com\\\/tr\\\/\",\"name\":\"WediaEntertainment TR\",\"description\":\"\",\"potentialAction\":[{\"@type\":\"SearchAction\",\"target\":{\"@type\":\"EntryPoint\",\"urlTemplate\":\"https:\\\/\\\/wediaentertainment.com\\\/tr\\\/?s={search_term_string}\"},\"query-input\":{\"@type\":\"PropertyValueSpecification\",\"valueRequired\":true,\"valueName\":\"search_term_string\"}}],\"inLanguage\":\"tr\"}]}<\/script>\n<!-- \/ Yoast SEO plugin. -->","yoast_head_json":{"title":"WediaEntertainment TR","robots":{"index":"index","follow":"follow","max-snippet":"max-snippet:-1","max-image-preview":"max-image-preview:large","max-video-preview":"max-video-preview:-1"},"canonical":"https:\/\/wediaentertainment.com\/tr\/","og_locale":"tr_TR","og_type":"article","og_title":"WediaEntertainment TR","og_description":"Wediacorp&#8217;un bir yan kurulu\u015fu olan WediaEntertainment, e\u011flence sekt\u00f6r\u00fcn\u00fcn \u00f6nde gelen oyuncular\u0131ndan biridir. \u00c7e\u015fitli 200 yabanc\u0131 film katalo\u011fu ve 700 T\u00fcrk filminden olu\u015fan geni\u015f bir koleksiyonla, size k\u00fcresel ve yerel sineman\u0131n en iyilerini sunuyoruz. WediaEntertainment, sadece bir film da\u011f\u0131t\u0131mc\u0131s\u0131 olmakla s\u0131n\u0131rl\u0131 kalmay\u0131p, yerli filmlerin, yerli dizilerin ve dijital i\u00e7eri\u011fin \u00f6nde gelen yap\u0131mc\u0131lar\u0131ndan biridir. Uzmanl\u0131\u011f\u0131m\u0131z, Free TV, [&hellip;]","og_url":"https:\/\/wediaentertainment.com\/tr\/","og_site_name":"WediaEntertainment TR","article_modified_time":"2023-11-12T13:45:29+00:00","twitter_card":"summary_large_image","twitter_misc":{"Tahmini okuma s\u00fcresi":"1 dakika"},"schema":{"@context":"https:\/\/schema.org","@graph":[{"@type":"WebPage","@id":"https:\/\/wediaentertainment.com\/tr\/","url":"https:\/\/wediaentertainment.com\/tr\/","name":"WediaEntertainment TR","isPartOf":{"@id":"https:\/\/wediaentertainment.com\/tr\/#website"},"datePublished":"2023-08-09T19:55:19+00:00","dateModified":"2023-11-12T13:45:29+00:00","breadcrumb":{"@id":"https:\/\/wediaentertainment.com\/tr\/#breadcrumb"},"inLanguage":"tr","potentialAction":[{"@type":"ReadAction","target":["https:\/\/wediaentertainment.com\/tr\/"]}]},{"@type":"BreadcrumbList","@id":"https:\/\/wediaentertainment.com\/tr\/#breadcrumb","itemListElement":[{"@type":"ListItem","position":1,"name":"Anasayfa","item":"https:\/\/wediaentertainment.com\/tr\/"},{"@type":"ListItem","position":2,"name":"Ana Sayfa"}]},{"@type":"WebSite","@id":"https:\/\/wediaentertainment.com\/tr\/#website","url":"https:\/\/wediaentertainment.com\/tr\/","name":"WediaEntertainment TR","description":"","potentialAction":[{"@type":"SearchAction","target":{"@type":"EntryPoint","urlTemplate":"https:\/\/wediaentertainment.com\/tr\/?s={search_term_string}"},"query-input":{"@type":"PropertyValueSpecification","valueRequired":true,"valueName":"search_term_string"}}],"inLanguage":"tr"}]}},"_links":{"self":[{"href":"https:\/\/wediaentertainment.com\/tr\/wp-json\/wp\/v2\/pages\/13","targetHints":{"allow":["GET"]}}],"collection":[{"href":"https:\/\/wediaentertainment.com\/tr\/wp-json\/wp\/v2\/pages"}],"about":[{"href":"https:\/\/wediaentertainment.com\/tr\/wp-json\/wp\/v2\/types\/page"}],"author":[{"embeddable":true,"href":"https:\/\/wediaentertainment.com\/tr\/wp-json\/wp\/v2\/users\/1"}],"replies":[{"embeddable":true,"href":"https:\/\/wediaentertainment.com\/tr\/wp-json\/wp\/v2\/comments?post=13"}],"version-history":[{"count":0,"href":"https:\/\/wediaentertainment.com\/tr\/wp-json\/wp\/v2\/pages\/13\/revisions"}],"wp:attachment":[{"href":"https:\/\/wediaentertainment.com\/tr\/wp-json\/wp\/v2\/media?parent=13"}],"curies":[{"name":"wp","href":"https:\/\/api.w.org\/{rel}","templated":true}]}}