{"id":123,"date":"2023-08-10T00:25:00","date_gmt":"2023-08-09T21:25:00","guid":{"rendered":"https:\/\/wediaentertainment.com\/tr\/?page_id=123"},"modified":"2025-04-24T18:57:46","modified_gmt":"2025-04-24T15:57:46","slug":"about","status":"publish","type":"page","link":"https:\/\/wediaentertainment.com\/tr\/about\/","title":{"rendered":"Hakk\u0131m\u0131zda"},"content":{"rendered":"<h2>WediaEntertainment Hakk\u0131nda<\/h2>\n<p>WediaEntertainment, e\u011flence sekt\u00f6r\u00fcnde uzmanla\u015fm\u0131\u015f Wediacorp&#8217;un bir yan kurulu\u015fudur. \u00c7ok \u00e7e\u015fitli katalog ile 400 yabanc\u0131 film ve 700 T\u00fcrk filminden olu\u015fan geni\u015f bir koleksiyon sunmaktad\u0131r.<\/p>\n<p>WediaEntertainment, lider bir distrib\u00fct\u00f6r olman\u0131n yan\u0131 s\u0131ra ayn\u0131 zamanda yerli film, yerli dizi ve dijital i\u00e7erik \u00fcreticisidir. \u00dccretsiz TV, \u00d6demeli TV, Mobil TV ve OTT TV dahil olmak \u00fczere T\u00fcrkiye&#8217;deki \u00e7e\u015fitli platformlarda yerli ve yabanc\u0131 filmlerin sat\u0131\u015f\u0131n\u0131 ger\u00e7ekle\u015ftiriyoruz.<\/p>\n<p>CJ Entertainment T\u00fcrkiye ile ortakl\u0131k kurarak, yurtd\u0131\u015f\u0131ndan ithal edilen film haklar\u0131n\u0131 sinemalara da\u011f\u0131t\u0131yor ve izleyicilerimize geni\u015f bir yelpazede uluslararas\u0131 sinema deneyimleri sunuyoruz.<\/p>\n","protected":false},"excerpt":{"rendered":"<p>WediaEntertainment Hakk\u0131nda WediaEntertainment, e\u011flence sekt\u00f6r\u00fcnde uzmanla\u015fm\u0131\u015f Wediacorp&#8217;un bir yan kurulu\u015fudur. \u00c7ok \u00e7e\u015fitli katalog ile 400 yabanc\u0131 film ve 700 T\u00fcrk filminden olu\u015fan geni\u015f bir koleksiyon sunmaktad\u0131r. WediaEntertainment, lider bir distrib\u00fct\u00f6r olman\u0131n yan\u0131 s\u0131ra ayn\u0131 zamanda yerli film, yerli dizi ve dijital i\u00e7erik \u00fcreticisidir. \u00dccretsiz TV, \u00d6demeli TV, Mobil TV ve OTT TV dahil olmak \u00fczere [&hellip;]<\/p>\n","protected":false},"author":1,"featured_media":0,"parent":0,"menu_order":0,"comment_status":"closed","ping_status":"closed","template":"page-templates\/about.php","meta":{"footnotes":""},"class_list":["post-123","page","type-page","status-publish","hentry"],"acf":[],"yoast_head":"<!-- This site is optimized with the Yoast SEO plugin v27.4 - https:\/\/yoast.com\/product\/yoast-seo-wordpress\/ -->\n<title>Hakk\u0131m\u0131zda - WediaEntertainment TR<\/title>\n<meta name=\"robots\" content=\"index, follow, max-snippet:-1, max-image-preview:large, max-video-preview:-1\" \/>\n<link rel=\"canonical\" href=\"https:\/\/wediaentertainment.com\/tr\/about\/\" \/>\n<meta property=\"og:locale\" content=\"tr_TR\" \/>\n<meta property=\"og:type\" content=\"article\" \/>\n<meta property=\"og:title\" content=\"Hakk\u0131m\u0131zda - WediaEntertainment TR\" \/>\n<meta property=\"og:description\" content=\"WediaEntertainment Hakk\u0131nda WediaEntertainment, e\u011flence sekt\u00f6r\u00fcnde uzmanla\u015fm\u0131\u015f Wediacorp&#8217;un bir yan kurulu\u015fudur. \u00c7ok \u00e7e\u015fitli katalog ile 400 yabanc\u0131 film ve 700 T\u00fcrk filminden olu\u015fan geni\u015f bir koleksiyon sunmaktad\u0131r. WediaEntertainment, lider bir distrib\u00fct\u00f6r olman\u0131n yan\u0131 s\u0131ra ayn\u0131 zamanda yerli film, yerli dizi ve dijital i\u00e7erik \u00fcreticisidir. \u00dccretsiz TV, \u00d6demeli TV, Mobil TV ve OTT TV dahil olmak \u00fczere [&hellip;]\" \/>\n<meta property=\"og:url\" content=\"https:\/\/wediaentertainment.com\/tr\/about\/\" \/>\n<meta property=\"og:site_name\" content=\"WediaEntertainment TR\" \/>\n<meta property=\"article:modified_time\" content=\"2025-04-24T15:57:46+00:00\" \/>\n<meta name=\"twitter:card\" content=\"summary_large_image\" \/>\n<meta name=\"twitter:label1\" content=\"Tahmini okuma s\u00fcresi\" \/>\n\t<meta name=\"twitter:data1\" content=\"1 dakika\" \/>\n<script type=\"application\/ld+json\" class=\"yoast-schema-graph\">{\"@context\":\"https:\\\/\\\/schema.org\",\"@graph\":[{\"@type\":\"WebPage\",\"@id\":\"https:\\\/\\\/wediaentertainment.com\\\/tr\\\/about\\\/\",\"url\":\"https:\\\/\\\/wediaentertainment.com\\\/tr\\\/about\\\/\",\"name\":\"Hakk\u0131m\u0131zda - WediaEntertainment TR\",\"isPartOf\":{\"@id\":\"https:\\\/\\\/wediaentertainment.com\\\/tr\\\/#website\"},\"datePublished\":\"2023-08-09T21:25:00+00:00\",\"dateModified\":\"2025-04-24T15:57:46+00:00\",\"breadcrumb\":{\"@id\":\"https:\\\/\\\/wediaentertainment.com\\\/tr\\\/about\\\/#breadcrumb\"},\"inLanguage\":\"tr\",\"potentialAction\":[{\"@type\":\"ReadAction\",\"target\":[\"https:\\\/\\\/wediaentertainment.com\\\/tr\\\/about\\\/\"]}]},{\"@type\":\"BreadcrumbList\",\"@id\":\"https:\\\/\\\/wediaentertainment.com\\\/tr\\\/about\\\/#breadcrumb\",\"itemListElement\":[{\"@type\":\"ListItem\",\"position\":1,\"name\":\"Anasayfa\",\"item\":\"https:\\\/\\\/wediaentertainment.com\\\/tr\\\/\"},{\"@type\":\"ListItem\",\"position\":2,\"name\":\"Hakk\u0131m\u0131zda\"}]},{\"@type\":\"WebSite\",\"@id\":\"https:\\\/\\\/wediaentertainment.com\\\/tr\\\/#website\",\"url\":\"https:\\\/\\\/wediaentertainment.com\\\/tr\\\/\",\"name\":\"WediaEntertainment TR\",\"description\":\"\",\"potentialAction\":[{\"@type\":\"SearchAction\",\"target\":{\"@type\":\"EntryPoint\",\"urlTemplate\":\"https:\\\/\\\/wediaentertainment.com\\\/tr\\\/?s={search_term_string}\"},\"query-input\":{\"@type\":\"PropertyValueSpecification\",\"valueRequired\":true,\"valueName\":\"search_term_string\"}}],\"inLanguage\":\"tr\"}]}<\/script>\n<!-- \/ Yoast SEO plugin. -->","yoast_head_json":{"title":"Hakk\u0131m\u0131zda - WediaEntertainment TR","robots":{"index":"index","follow":"follow","max-snippet":"max-snippet:-1","max-image-preview":"max-image-preview:large","max-video-preview":"max-video-preview:-1"},"canonical":"https:\/\/wediaentertainment.com\/tr\/about\/","og_locale":"tr_TR","og_type":"article","og_title":"Hakk\u0131m\u0131zda - WediaEntertainment TR","og_description":"WediaEntertainment Hakk\u0131nda WediaEntertainment, e\u011flence sekt\u00f6r\u00fcnde uzmanla\u015fm\u0131\u015f Wediacorp&#8217;un bir yan kurulu\u015fudur. \u00c7ok \u00e7e\u015fitli katalog ile 400 yabanc\u0131 film ve 700 T\u00fcrk filminden olu\u015fan geni\u015f bir koleksiyon sunmaktad\u0131r. WediaEntertainment, lider bir distrib\u00fct\u00f6r olman\u0131n yan\u0131 s\u0131ra ayn\u0131 zamanda yerli film, yerli dizi ve dijital i\u00e7erik \u00fcreticisidir. \u00dccretsiz TV, \u00d6demeli TV, Mobil TV ve OTT TV dahil olmak \u00fczere [&hellip;]","og_url":"https:\/\/wediaentertainment.com\/tr\/about\/","og_site_name":"WediaEntertainment TR","article_modified_time":"2025-04-24T15:57:46+00:00","twitter_card":"summary_large_image","twitter_misc":{"Tahmini okuma s\u00fcresi":"1 dakika"},"schema":{"@context":"https:\/\/schema.org","@graph":[{"@type":"WebPage","@id":"https:\/\/wediaentertainment.com\/tr\/about\/","url":"https:\/\/wediaentertainment.com\/tr\/about\/","name":"Hakk\u0131m\u0131zda - WediaEntertainment TR","isPartOf":{"@id":"https:\/\/wediaentertainment.com\/tr\/#website"},"datePublished":"2023-08-09T21:25:00+00:00","dateModified":"2025-04-24T15:57:46+00:00","breadcrumb":{"@id":"https:\/\/wediaentertainment.com\/tr\/about\/#breadcrumb"},"inLanguage":"tr","potentialAction":[{"@type":"ReadAction","target":["https:\/\/wediaentertainment.com\/tr\/about\/"]}]},{"@type":"BreadcrumbList","@id":"https:\/\/wediaentertainment.com\/tr\/about\/#breadcrumb","itemListElement":[{"@type":"ListItem","position":1,"name":"Anasayfa","item":"https:\/\/wediaentertainment.com\/tr\/"},{"@type":"ListItem","position":2,"name":"Hakk\u0131m\u0131zda"}]},{"@type":"WebSite","@id":"https:\/\/wediaentertainment.com\/tr\/#website","url":"https:\/\/wediaentertainment.com\/tr\/","name":"WediaEntertainment TR","description":"","potentialAction":[{"@type":"SearchAction","target":{"@type":"EntryPoint","urlTemplate":"https:\/\/wediaentertainment.com\/tr\/?s={search_term_string}"},"query-input":{"@type":"PropertyValueSpecification","valueRequired":true,"valueName":"search_term_string"}}],"inLanguage":"tr"}]}},"_links":{"self":[{"href":"https:\/\/wediaentertainment.com\/tr\/wp-json\/wp\/v2\/pages\/123","targetHints":{"allow":["GET"]}}],"collection":[{"href":"https:\/\/wediaentertainment.com\/tr\/wp-json\/wp\/v2\/pages"}],"about":[{"href":"https:\/\/wediaentertainment.com\/tr\/wp-json\/wp\/v2\/types\/page"}],"author":[{"embeddable":true,"href":"https:\/\/wediaentertainment.com\/tr\/wp-json\/wp\/v2\/users\/1"}],"replies":[{"embeddable":true,"href":"https:\/\/wediaentertainment.com\/tr\/wp-json\/wp\/v2\/comments?post=123"}],"version-history":[{"count":5,"href":"https:\/\/wediaentertainment.com\/tr\/wp-json\/wp\/v2\/pages\/123\/revisions"}],"predecessor-version":[{"id":2531,"href":"https:\/\/wediaentertainment.com\/tr\/wp-json\/wp\/v2\/pages\/123\/revisions\/2531"}],"wp:attachment":[{"href":"https:\/\/wediaentertainment.com\/tr\/wp-json\/wp\/v2\/media?parent=123"}],"curies":[{"name":"wp","href":"https:\/\/api.w.org\/{rel}","templated":true}]}}